{"id":650,"date":"2021-12-06T02:01:06","date_gmt":"2021-12-06T02:01:06","guid":{"rendered":"https:\/\/bslthemes.com\/luique\/?page_id=650"},"modified":"2023-11-25T13:16:46","modified_gmt":"2023-11-25T16:16:46","slug":"works","status":"publish","type":"page","link":"https:\/\/emanuellegomez.com.br\/index.php\/works\/","title":{"rendered":"Portfolio (Grid)"},"content":{"rendered":"\t\t<div data-elementor-type=\"wp-page\" data-elementor-id=\"650\" class=\"elementor elementor-650\">\n\t\t\t\t\t\t<section class=\"elementor-section elementor-top-section elementor-element elementor-element-3619af7 elementor-section-full_width elementor-section-height-default elementor-section-height-default\" data-id=\"3619af7\" data-element_type=\"section\" data-e-type=\"section\">\n\t\t\t\t\t\t<div class=\"elementor-container elementor-column-gap-no\">\n\t\t\t\t\t<div class=\"elementor-column elementor-col-100 elementor-top-column elementor-element elementor-element-1a3c100\" data-id=\"1a3c100\" data-element_type=\"column\" data-e-type=\"column\">\n\t\t\t<div class=\"elementor-widget-wrap elementor-element-populated\">\n\t\t\t\t\t\t<section class=\"elementor-section elementor-inner-section elementor-element elementor-element-16c0dc7 elementor-section-boxed elementor-section-height-default elementor-section-height-default\" data-id=\"16c0dc7\" data-element_type=\"section\" data-e-type=\"section\">\n\t\t\t\t\t\t<div class=\"elementor-container elementor-column-gap-default\">\n\t\t\t\t\t<div class=\"elementor-column elementor-col-100 elementor-inner-column elementor-element elementor-element-fb816be\" data-id=\"fb816be\" data-element_type=\"column\" data-e-type=\"column\">\n\t\t\t<div class=\"elementor-widget-wrap elementor-element-populated\">\n\t\t\t\t\t\t<div class=\"elementor-element elementor-element-0996b9c elementor-widget elementor-widget-luique-section-heading\" data-id=\"0996b9c\" data-element_type=\"widget\" data-e-type=\"widget\" data-widget_type=\"luique-section-heading.default\">\n\t\t\t\t<div class=\"elementor-widget-container\">\n\t\t\t\t\t\n\t\t<!-- Section Heading -->\n\t\t\t\t<div class=\"m-titles\">\n\t\t\t\t\t\t<h2 class=\"m-title splitting-text-anim-1 scroll-animate\" data-splitting=\"words\" data-animate=\"active\">\n\t\t\t\t<span >\n\t\t\t\t\tPortfolio\t\t\t\t<\/span>\n\t\t\t<\/h2>\n\t\t\t\t\t\t\t\t\t<div class=\"m-subtitle splitting-text-anim-1 scroll-animate\" data-splitting=\"words\" data-animate=\"active\">\n\t\t\t\t<span >\n\t\t\t\t\tour <b>Works<\/b>\t\t\t\t<\/span>\n\t\t\t<\/div>\n\t\t\t\t\t<\/div>\n\t\t\n\t\t\t\t\t\t<\/div>\n\t\t\t\t<\/div>\n\t\t\t\t\t<\/div>\n\t\t<\/div>\n\t\t\t\t\t<\/div>\n\t\t<\/section>\n\t\t\t\t<section class=\"elementor-section elementor-inner-section elementor-element elementor-element-b6512e8 v-line v-line-right v-line-top elementor-section-boxed elementor-section-height-default elementor-section-height-default\" data-id=\"b6512e8\" data-element_type=\"section\" data-e-type=\"section\">\n\t\t\t\t\t\t<div class=\"elementor-container elementor-column-gap-default\">\n\t\t\t\t\t<div class=\"elementor-column elementor-col-100 elementor-inner-column elementor-element elementor-element-4fe3b3e\" data-id=\"4fe3b3e\" data-element_type=\"column\" data-e-type=\"column\">\n\t\t\t<div class=\"elementor-widget-wrap elementor-element-populated\">\n\t\t\t\t\t\t<div class=\"elementor-element elementor-element-3b91418 elementor-widget elementor-widget-luique-portfolio-module\" data-id=\"3b91418\" data-element_type=\"widget\" data-e-type=\"widget\" data-widget_type=\"luique-portfolio-module.default\">\n\t\t\t\t<div class=\"elementor-widget-container\">\n\t\t\t\t\t\n\t\t<!-- Works -->\n    <div class=\"works-box\">\n\n  \t\t  \t\t<div class=\"filter-links scrolla-element-anim-1 scroll-animate\" data-animate=\"active\">\n  \t\t\t<a href=\"#\" class=\"lui-subtitle active\" data-href=\".works-col\">\n  \t\t\t\tAll  \t\t\t<\/a>\n  \t\t\t  \t\t\t<a href=\"#\" class=\"lui-subtitle\" data-href=\".sorting-social-media\">\n  \t\t\t\tSocial Media  \t\t\t<\/a>\n  \t\t\t  \t\t\t<a href=\"#\" class=\"lui-subtitle\" data-href=\".sorting-logo\">\n  \t\t\t\tLogo  \t\t\t<\/a>\n  \t\t\t  \t\t\t<a href=\"#\" class=\"lui-subtitle\" data-href=\".sorting-design-grafico\">\n  \t\t\t\tDesign Gr\u00e1fico  \t\t\t<\/a>\n  \t\t\t  \t\t\t<a href=\"#\" class=\"lui-subtitle\" data-href=\".sorting-branding\">\n  \t\t\t\tBranding  \t\t\t<\/a>\n  \t\t\t  \t\t<\/div>\n  \t\t\n  \t\t  \t\t<div class=\"works-items works-masonry-items row\">\n  \t\t\t\n\n<div class=\"works-col col-xs-12 col-sm-12 col-md-12 col-lg-12 sorting-branding sorting-logo \">\n\t<div class=\"works-item scrolla-element-anim-1 scroll-animate\" data-animate=\"active\">\n\t\t<a href=\"https:\/\/emanuellegomez.com.br\/index.php\/portfolio\/item\/zorro-2\/\" target=\"blank\" class=\"\">\n\t\t\t\t<div class=\"image\">\n\t\t\t<div class=\"img\">\n\t\t\t\t<img decoding=\"async\" src=\"https:\/\/emanuellegomez.com.br\/wp-content\/uploads\/2021\/11\/imgs-site.png\" alt=\"Cabide das Gurias\" \/>\n\t\t\t\t<span class=\"overlay\"><\/span>\n\t\t\t<\/div>\n\t\t<\/div>\n\t\t\t\t\t\t<div class=\"desc\">\n\t\t\t\t\t\t<span class=\"category\">\n\t\t\t\tBranding, Logo \t\t\t<\/span>\n\t\t\t\t\t\t\t\t\t<h5 class=\"name\">\n\t\t\t\tCabide das Gurias\t\t\t<\/h5>\n\t\t\t\t\t\t\t\t\t<div class=\"text\">\n\t\t\t\t<p>Identidade inspirada no consumo consciente entre o p\u00fablico feminino, onde a busca por economia e estilo andam juntas! <\/p>\n\t\t\t<\/div>\n\t\t\t\t\t\t<span class=\"lnk\">\n\t\t\t\tVer Projeto\t\t\t<\/span>\n\t\t<\/div>\n\t\t\t\t\t\t<div class=\"bg-img\" style=\"background-image: url(https:\/\/emanuellegomez.com.br\/wp-content\/uploads\/2022\/09\/pat-2.png);\"><\/div>\n\t\t\t\t<\/a>\n\t\t\t<\/div>\n<\/div>\n\n\n<div class=\"works-col col-xs-12 col-sm-12 col-md-12 col-lg-12 sorting-design-grafico sorting-social-media \">\n\t<div class=\"works-item scrolla-element-anim-1 scroll-animate\" data-animate=\"active\">\n\t\t<a href=\"https:\/\/emanuellegomez.com.br\/index.php\/portfolio\/item\/social-media\/\" class=\"\">\n\t\t\t\t<div class=\"image\">\n\t\t\t<div class=\"img\">\n\t\t\t\t<img decoding=\"async\" src=\"https:\/\/emanuellegomez.com.br\/wp-content\/uploads\/2021\/11\/logo-03.png\" alt=\"Social Media\" \/>\n\t\t\t\t<span class=\"overlay\"><\/span>\n\t\t\t<\/div>\n\t\t<\/div>\n\t\t\t\t\t\t<div class=\"desc\">\n\t\t\t\t\t\t<span class=\"category\">\n\t\t\t\tDesign Gr\u00e1fico, Social Media \t\t\t<\/span>\n\t\t\t\t\t\t\t\t\t<h5 class=\"name\">\n\t\t\t\tSocial Media\t\t\t<\/h5>\n\t\t\t\t\t\t\t\t\t<div class=\"text\">\n\t\t\t\t<p>Confira algumas publica\u00e7\u00f5es que j\u00e1 produzi utilizando o Pacote Adobe.<\/p>\n\t\t\t<\/div>\n\t\t\t\t\t\t<span class=\"lnk\">\n\t\t\t\tVer Projeto\t\t\t<\/span>\n\t\t<\/div>\n\t\t\t\t\t\t<div class=\"bg-img\" style=\"background-image: url(https:\/\/emanuellegomez.com.br\/wp-content\/uploads\/2022\/09\/pat-2.png);\"><\/div>\n\t\t\t\t<\/a>\n\t\t\t<\/div>\n<\/div>\n\n\n<div class=\"works-col col-xs-12 col-sm-12 col-md-12 col-lg-12 sorting-design-grafico sorting-logo \">\n\t<div class=\"works-item scrolla-element-anim-1 scroll-animate\" data-animate=\"active\">\n\t\t<a href=\"https:\/\/emanuellegomez.com.br\/index.php\/portfolio\/item\/otorrino-marco-logotipo\/\" class=\"\">\n\t\t\t\t<div class=\"image\">\n\t\t\t<div class=\"img\">\n\t\t\t\t<img decoding=\"async\" src=\"https:\/\/emanuellegomez.com.br\/wp-content\/uploads\/2021\/11\/logo-02.png\" alt=\"Otorrino Marco\" \/>\n\t\t\t\t<span class=\"overlay\"><\/span>\n\t\t\t<\/div>\n\t\t<\/div>\n\t\t\t\t\t\t<div class=\"desc\">\n\t\t\t\t\t\t<span class=\"category\">\n\t\t\t\tDesign Gr\u00e1fico, Logo \t\t\t<\/span>\n\t\t\t\t\t\t\t\t\t<h5 class=\"name\">\n\t\t\t\tOtorrino Marco\t\t\t<\/h5>\n\t\t\t\t\t\t\t\t\t<div class=\"text\">\n\t\t\t\t<p>Proposta de re-design da identidade visual do m\u00e9dico refer\u00eancia em otorrinolaringologia no Brasil.<\/p>\n\t\t\t<\/div>\n\t\t\t\t\t\t<span class=\"lnk\">\n\t\t\t\tVer Projeto\t\t\t<\/span>\n\t\t<\/div>\n\t\t\t\t\t\t<div class=\"bg-img\" style=\"background-image: url(https:\/\/emanuellegomez.com.br\/wp-content\/uploads\/2022\/09\/pat-2.png);\"><\/div>\n\t\t\t\t<\/a>\n\t\t\t<\/div>\n<\/div>\n  \t\t<\/div>\n      \n      \t\t\t      <div class=\"load-more\">\n        <a href=\"#\" class=\"btn scrolla-element-anim-1 scroll-animate\" data-animate=\"active\">\n\t\t\t\t\t<span>Carregar Mais<\/span>\n\t\t\t\t<\/a>\n      <\/div>\n      \t\t\t  \t\t\n\t\t<\/div>\n\n\t\t\t\t\t\t<\/div>\n\t\t\t\t<\/div>\n\t\t\t\t<div class=\"elementor-element elementor-element-90806fc elementor-widget elementor-widget-luique-bgtitle\" data-id=\"90806fc\" data-element_type=\"widget\" data-e-type=\"widget\" data-widget_type=\"luique-bgtitle.default\">\n\t\t\t\t<div class=\"elementor-widget-container\">\n\t\t\t\t\t\n\t\t\t\t<div class=\"lui-bgtitle\">\n\t\t\t<span >\n\t\t\t\tPortfolio\t\t\t<\/span>\n\t\t<\/div>\n\t\t\n\t\t\t\t\t\t<\/div>\n\t\t\t\t<\/div>\n\t\t\t\t\t<\/div>\n\t\t<\/div>\n\t\t\t\t\t<\/div>\n\t\t<\/section>\n\t\t\t\t\t<\/div>\n\t\t<\/div>\n\t\t\t\t\t<\/div>\n\t\t<\/section>\n\t\t\t\t<\/div>\n\t\t","protected":false},"excerpt":{"rendered":"<p>Portfolio our Works All Logo Branding Branding, Logo Cabide das Gurias Identidade inspirada no consumo consciente entre o p\u00fablico feminino,&#8230; <\/p>\n<div class=\"readmore\"><a href=\"https:\/\/emanuellegomez.com.br\/index.php\/portfolio\/item\/otorrino-marco-logotipo\/\" class=\"lnk\">Read more<\/a><\/div>\n","protected":false},"author":1,"featured_media":0,"parent":0,"menu_order":0,"comment_status":"closed","ping_status":"closed","template":"template-layout-builder.php","meta":{"footnotes":""},"class_list":["post-650","page","type-page","status-publish","hentry"],"acf":[],"_links":{"self":[{"href":"https:\/\/emanuellegomez.com.br\/index.php\/wp-json\/wp\/v2\/pages\/650","targetHints":{"allow":["GET"]}}],"collection":[{"href":"https:\/\/emanuellegomez.com.br\/index.php\/wp-json\/wp\/v2\/pages"}],"about":[{"href":"https:\/\/emanuellegomez.com.br\/index.php\/wp-json\/wp\/v2\/types\/page"}],"author":[{"embeddable":true,"href":"https:\/\/emanuellegomez.com.br\/index.php\/wp-json\/wp\/v2\/users\/1"}],"replies":[{"embeddable":true,"href":"https:\/\/emanuellegomez.com.br\/index.php\/wp-json\/wp\/v2\/comments?post=650"}],"version-history":[{"count":4,"href":"https:\/\/emanuellegomez.com.br\/index.php\/wp-json\/wp\/v2\/pages\/650\/revisions"}],"predecessor-version":[{"id":2861,"href":"https:\/\/emanuellegomez.com.br\/index.php\/wp-json\/wp\/v2\/pages\/650\/revisions\/2861"}],"wp:attachment":[{"href":"https:\/\/emanuellegomez.com.br\/index.php\/wp-json\/wp\/v2\/media?parent=650"}],"curies":[{"name":"wp","href":"https:\/\/api.w.org\/{rel}","templated":true}]}}