{"id":2057,"date":"2022-10-31T17:08:17","date_gmt":"2022-10-31T17:08:17","guid":{"rendered":"https:\/\/luique.bslthemes.com\/?page_id=2057"},"modified":"2023-10-10T22:03:48","modified_gmt":"2023-10-11T01:03:48","slug":"blog","status":"publish","type":"page","link":"https:\/\/emanuellegomez.com.br\/index.php\/blog\/","title":{"rendered":"Blog"},"content":{"rendered":"\t\t<div data-elementor-type=\"wp-page\" data-elementor-id=\"2057\" class=\"elementor elementor-2057\">\n\t\t\t\t<div class=\"elementor-element elementor-element-1a59350 e-flex e-con-boxed e-con e-parent\" data-id=\"1a59350\" data-element_type=\"container\" data-e-type=\"container\">\n\t\t\t\t\t<div class=\"e-con-inner\">\n\t\t\t\t<div class=\"elementor-element elementor-element-047ed65 elementor-widget elementor-widget-luique-blog\" data-id=\"047ed65\" data-element_type=\"widget\" data-e-type=\"widget\" data-widget_type=\"luique-blog.default\">\n\t\t\t\t<div class=\"elementor-widget-container\">\n\t\t\t\t\t\n\t\t<!-- Blog -->\n\t\t\n\t\t<div class=\"blog-items row\">\n\t\t\t\n<div class=\"col-xs-12 col-sm-6 col-md-6 col-lg-6\">\n\t<div class=\"archive-item scrolla-element-anim-1 scroll-animate\" data-animate=\"active\">\n\t\t<div id=\"post-523\" class=\"post-523 post type-post status-publish format-standard has-post-thumbnail hentry category-blog category-tendencias-de-consumo category-ux-design tag-consumo tag-digital tag-experienciadousuario tag-futuro tag-inovacao tag-marketing-digital tag-metaverso tag-tendencias\">\n\t\t\t\t\t\t<div class=\"image\">\n\t\t\t\t<a href=\"https:\/\/emanuellegomez.com.br\/index.php\/2021\/11\/28\/how-to-become-a-successful-ui-ux-designer\/\">\n\t\t\t\t\t<img decoding=\"async\" src=\"https:\/\/emanuellegomez.com.br\/wp-content\/uploads\/2021\/11\/1652882654608.png\" alt=\"Conhe\u00e7a 3 tend\u00eancias para se preparar para o futuro no Metaverso\" \/>\n\t\t\t\t<\/a>\n\t\t\t<\/div>\n\t\t\t\t\t\t<div class=\"desc\">\n\t\t\t\t<div class=\"category lui-subtitle\">\n\t\t\t\t\t<span>28 de novembro de 2021<\/span>\t\t\t\t<\/div>\n\t\t\t\t<h5 class=\"lui-title\">\n\t\t\t\t\t<a href=\"https:\/\/emanuellegomez.com.br\/index.php\/2021\/11\/28\/how-to-become-a-successful-ui-ux-designer\/\">Conhe\u00e7a 3 tend\u00eancias para se preparar para o futuro no Metaverso<\/a>\n\t\t\t\t<\/h5>\n\t\t\t\t\t\t\t\t<div class=\"lui-text\">\n\t\t\t\t\t<p>O mundo no Metaverso: o que vem por a\u00ed? Este foi o tema que iniciou a programa\u00e7\u00e3o do segundo dia do evento, produzido pela Transforma\u00e7\u00e3o Digital. <\/p>\n\t\t\t\t<\/div>\n\t\t\t\t\t\t\t<\/div>\n\t\t<\/div><!-- #post-523 -->\n\t<\/div>\n<\/div>\n\n<div class=\"col-xs-12 col-sm-6 col-md-6 col-lg-6\">\n\t<div class=\"archive-item scrolla-element-anim-1 scroll-animate\" data-animate=\"active\">\n\t\t<div id=\"post-2017\" class=\"post-2017 post type-post status-publish format-standard has-post-thumbnail hentry category-blog category-branding category-tendencias-de-consumo tag-aplicativos tag-compartilhamento tag-consumo-colaborativo tag-economia-compartilhada tag-economia-criativa\">\n\t\t\t\t\t\t<div class=\"image\">\n\t\t\t\t<a href=\"https:\/\/emanuellegomez.com.br\/index.php\/2023\/08\/04\/the-main-thing-for-the-designer\/\">\n\t\t\t\t\t<img decoding=\"async\" src=\"https:\/\/emanuellegomez.com.br\/wp-content\/uploads\/2019\/02\/00398139.jpg\" alt=\"Economia compartilhada e a rela\u00e7\u00e3o com as maiores startups do mundo\" \/>\n\t\t\t\t<\/a>\n\t\t\t<\/div>\n\t\t\t\t\t\t<div class=\"desc\">\n\t\t\t\t<div class=\"category lui-subtitle\">\n\t\t\t\t\t<span>4 de agosto de 2023<\/span>\t\t\t\t<\/div>\n\t\t\t\t<h5 class=\"lui-title\">\n\t\t\t\t\t<a href=\"https:\/\/emanuellegomez.com.br\/index.php\/2023\/08\/04\/the-main-thing-for-the-designer\/\">Economia compartilhada e a rela\u00e7\u00e3o com as maiores startups do mundo<\/a>\n\t\t\t\t<\/h5>\n\t\t\t\t\t\t\t\t<div class=\"lui-text\">\n\t\t\t\t\t<p>Mas afinal, o que \u00e9 economia compartilhada? O termo surgiu faz aproximadamente uma d\u00e9cada, e est\u00e1 diretamente relacionado ao &#8220;consumo colaborativo&#8221;.<\/p>\n\t\t\t\t<\/div>\n\t\t\t\t\t\t\t<\/div>\n\t\t<\/div><!-- #post-2017 -->\n\t<\/div>\n<\/div>\n\t\t<\/div>\n\n        <div class=\"load-more\">\n      <a href=\"https:\/\/emanuellegomez.com.br\/index.php\/blog\/\" class=\"btn scrolla-element-anim-1 scroll-animate\" data-animate=\"active\">\n        <span>Ver Blog<\/span>\n      <\/a>\n    <\/div>\n    \n\t\t\n\t\t\t\t\t\t<\/div>\n\t\t\t\t<\/div>\n\t\t\t\t\t<\/div>\n\t\t\t\t<\/div>\n\t\t\t\t<\/div>\n\t\t","protected":false},"excerpt":{"rendered":"<p>4 de fevereiro de 2019 Entenda como o conceito de compartilhamento desenvolveu as maiores startups do mundo Recentemente a cidade&#8230; <\/p>\n<div class=\"readmore\"><a href=\"https:\/\/emanuellegomez.com.br\/index.php\/2023\/08\/04\/the-main-thing-for-the-designer\/\" class=\"lnk\">Read more<\/a><\/div>\n","protected":false},"author":1,"featured_media":0,"parent":0,"menu_order":0,"comment_status":"closed","ping_status":"closed","template":"","meta":{"footnotes":""},"class_list":["post-2057","page","type-page","status-publish","hentry"],"acf":[],"_links":{"self":[{"href":"https:\/\/emanuellegomez.com.br\/index.php\/wp-json\/wp\/v2\/pages\/2057","targetHints":{"allow":["GET"]}}],"collection":[{"href":"https:\/\/emanuellegomez.com.br\/index.php\/wp-json\/wp\/v2\/pages"}],"about":[{"href":"https:\/\/emanuellegomez.com.br\/index.php\/wp-json\/wp\/v2\/types\/page"}],"author":[{"embeddable":true,"href":"https:\/\/emanuellegomez.com.br\/index.php\/wp-json\/wp\/v2\/users\/1"}],"replies":[{"embeddable":true,"href":"https:\/\/emanuellegomez.com.br\/index.php\/wp-json\/wp\/v2\/comments?post=2057"}],"version-history":[{"count":9,"href":"https:\/\/emanuellegomez.com.br\/index.php\/wp-json\/wp\/v2\/pages\/2057\/revisions"}],"predecessor-version":[{"id":2677,"href":"https:\/\/emanuellegomez.com.br\/index.php\/wp-json\/wp\/v2\/pages\/2057\/revisions\/2677"}],"wp:attachment":[{"href":"https:\/\/emanuellegomez.com.br\/index.php\/wp-json\/wp\/v2\/media?parent=2057"}],"curies":[{"name":"wp","href":"https:\/\/api.w.org\/{rel}","templated":true}]}}